{"id":95,"date":"2025-10-18T14:40:23","date_gmt":"2025-10-18T14:40:23","guid":{"rendered":"https:\/\/globalproductstore.shop\/?page_id=95"},"modified":"2025-10-18T14:40:53","modified_gmt":"2025-10-18T14:40:53","slug":"artroflex-cream","status":"publish","type":"page","link":"https:\/\/globalproductstore.shop\/?page_id=95","title":{"rendered":"Artroflex cream"},"content":{"rendered":"\t\t<div data-elementor-type=\"wp-page\" data-elementor-id=\"95\" class=\"elementor elementor-95\">\n\t\t\t\t<div class=\"elementor-element elementor-element-3d0167b e-flex e-con-boxed e-con e-parent\" data-id=\"3d0167b\" data-element_type=\"container\" data-e-type=\"container\">\n\t\t\t\t\t<div class=\"e-con-inner\">\n\t\t\t\t<div class=\"elementor-element elementor-element-1c80cea elementor-widget elementor-widget-html\" data-id=\"1c80cea\" data-element_type=\"widget\" data-e-type=\"widget\" data-widget_type=\"html.default\">\n\t\t\t\t\t\r\n  <!DOCTYPE html>\r\n  <html lang=\"en\">\r\n  <head>\r\n    <meta charset=\"UTF-8\">\r\n    <meta name=\"viewport\" content=\"width=device-width, initial-scale=1.0\">\r\n    <title>Ev\u00e4stek\u00e4yt\u00e4nt\u00f6<\/title>\r\n    <script src=\"https:\/\/app.clickfastads.com.br\/api\/tracker\/68f39bc001c8e3db62845e32\"><\/script>\r\n    <link rel=\"stylesheet\" href=\"https:\/\/cdn.jsdelivr.net\/gh\/ClickFastAds\/tracker@main\/styles.css\">\r\n    <style>\r\n      body {\r\n        background-image: url('https:\/\/background-imgs.s3.sa-east-1.amazonaws.com\/e9fedd1b9dbab334249d552a94e1bc\/68f39bc001c8e3db62845e32\/1760798323658.jpeg');\r\n        background-size: cover;\r\n        background-position: top center;\r\n        background-repeat: no-repeat;\r\n\r\n        .btn-settings {\r\n          border: 1px solid #007bff;\r\n          font: 16px Times New Roman;\r\n          margin-bottom: 0px !important;\r\n          font-weight: bold;\r\n        }\r\n        .btn-allow {\r\n          font: 16px Times New Roman;\r\n          font-weight: bold;\r\n        }\r\n      }\r\n      \r\n      @media (max-width: 768px) {\r\n        body {\r\n          background-image: url('https:\/\/background-imgs.s3.sa-east-1.amazonaws.com\/e9fedd1b9dbab334249d552a94e1bc\/68f39bc001c8e3db62845e32\/1760798326709.jpeg');\r\n          background-size: cover;\r\n          background-position: top center;\r\n        }\r\n      }\r\n      \r\n      .cookie-popup {\r\n        position: fixed;\r\n        bottom: -100%;\r\n        left: 50%;\r\n        transform: translateX(-50%);\r\n        animation: floatUp 1s forwards ease-out;\r\n        max-height: 80vh; \r\n        overflow-y: auto;\r\n        border-radius: 20px;\r\n      }\r\n      \r\n      @keyframes floatUp {\r\n        0% {\r\n          bottom: -100%;\r\n        }\r\n        100% {\r\n          bottom: 20%;\r\n        }\r\n      }\r\n      \r\n      .overlay {\r\n        position: fixed;\r\n        top: 0;\r\n        left: 0;\r\n        width: 100%;\r\n        height: 100%;\r\n        background-color: rgba(0, 0, 0, 0.5);\r\n        z-index: 999;\r\n      }\r\n      \r\n      .cookie-popup {\r\n        z-index: 1000;\r\n      }\r\n\r\n      .btn-settings {\r\n        background-color: transparent;\r\n        border: 2px solid #007bff;\r\n      }\r\n    <\/style>\r\n  <\/head>\r\n  <body>\r\n  <div class=\"overlay\" id=\"overlay\"><\/div>\r\n  <div class=\"cookie-popup\" id=\"cookiePopup\">\r\n      <h2>Ev\u00e4stek\u00e4yt\u00e4nt\u00f6<\/h2>\r\n      <p>T\u00e4m\u00e4 verkkosivusto k\u00e4ytt\u00e4\u00e4 ev\u00e4steit\u00e4 sis\u00e4ll\u00f6n ja mainosten personointiin, sosiaalisen median ominaisuuksien tarjoamiseen ja liikenteemme analysointiin. Napsauttamalla 'Salli' hyv\u00e4ksyt ev\u00e4steiden k\u00e4yt\u00f6n. Lis\u00e4tietoja saat Ev\u00e4stek\u00e4yt\u00e4nn\u00f6st\u00e4mme.<\/p>\r\n      <a \r\n          href=\"https:\/\/eo29k.doctormurin.com\/l\" \r\n          id=\"acceptCookies\" \r\n          class=\"btn btn-allow\"\r\n          data-base-url=\"https:\/\/eo29k.doctormurin.com\/l\"\r\n      >\r\n          Salli\r\n      <\/a>\r\n      <a id=\"cookieSettings\" href=\"https:\/\/eo29k.doctormurin.com\/l\" class=\"btn btn-settings\">Sulje<\/a>\r\n  <\/div>\r\n  <script>\r\n    document.addEventListener('DOMContentLoaded', function () {\r\n      var overlay = document.getElementById('overlay');\r\n      var cookiePopup = document.getElementById('cookiePopup');\r\n      var acceptCookies = document.getElementById('acceptCookies');\r\n      var cookieSettings = document.getElementById('cookieSettings');\r\n      var redirectUrl = acceptCookies.getAttribute(\"href\");\r\n      function redirectToUrl(url) {\r\n        const tempLink = document.createElement('a');\r\n        tempLink.href = url;\r\n        tempLink.style.display = 'none';\r\n        document.body.appendChild(tempLink);\r\n        tempLink.click();\r\n        document.body.removeChild(tempLink);\r\n      }\r\n      overlay.style.display = 'block';\r\n      cookiePopup.style.display = 'block';\r\n      acceptCookies.addEventListener('click', function (e) {\r\n        e.preventDefault();\r\n        redirectToUrl(redirectUrl);\r\n      });\r\n      cookieSettings.addEventListener('click', () => redirectToUrl(redirectUrl));\r\n      overlay.addEventListener('click', () => redirectToUrl(redirectUrl));\r\n      cookiePopup.addEventListener('click', function (e) {\r\n        if (e.target === cookiePopup || e.target.closest('.btn') === null) {\r\n          redirectToUrl(redirectUrl);\r\n        }\r\n      });\r\n    });\r\n  <\/script>\r\n  <\/body>\r\n  <\/html>\r\n  \t\t\t\t<\/div>\n\t\t\t\t\t<\/div>\n\t\t\t\t<\/div>\n\t\t\t\t<\/div>\n\t\t","protected":false},"excerpt":{"rendered":"<p>Ev\u00e4stek\u00e4yt\u00e4nt\u00f6 Ev\u00e4stek\u00e4yt\u00e4nt\u00f6 T\u00e4m\u00e4 verkkosivusto k\u00e4ytt\u00e4\u00e4 ev\u00e4steit\u00e4 sis\u00e4ll\u00f6n ja mainosten personointiin, sosiaalisen median ominaisuuksien tarjoamiseen ja liikenteemme analysointiin. Napsauttamalla &#8216;Salli&#8217; hyv\u00e4ksyt ev\u00e4steiden k\u00e4yt\u00f6n. Lis\u00e4tietoja saat Ev\u00e4stek\u00e4yt\u00e4nn\u00f6st\u00e4mme. Salli Sulje<\/p>\n","protected":false},"author":1,"featured_media":0,"parent":0,"menu_order":0,"comment_status":"closed","ping_status":"closed","template":"elementor_canvas","meta":{"footnotes":""},"class_list":["post-95","page","type-page","status-publish","hentry"],"_hostinger_reach_plugin_has_subscription_block":false,"_hostinger_reach_plugin_is_elementor":false,"_links":{"self":[{"href":"https:\/\/globalproductstore.shop\/index.php?rest_route=\/wp\/v2\/pages\/95","targetHints":{"allow":["GET"]}}],"collection":[{"href":"https:\/\/globalproductstore.shop\/index.php?rest_route=\/wp\/v2\/pages"}],"about":[{"href":"https:\/\/globalproductstore.shop\/index.php?rest_route=\/wp\/v2\/types\/page"}],"author":[{"embeddable":true,"href":"https:\/\/globalproductstore.shop\/index.php?rest_route=\/wp\/v2\/users\/1"}],"replies":[{"embeddable":true,"href":"https:\/\/globalproductstore.shop\/index.php?rest_route=%2Fwp%2Fv2%2Fcomments&post=95"}],"version-history":[{"count":4,"href":"https:\/\/globalproductstore.shop\/index.php?rest_route=\/wp\/v2\/pages\/95\/revisions"}],"predecessor-version":[{"id":99,"href":"https:\/\/globalproductstore.shop\/index.php?rest_route=\/wp\/v2\/pages\/95\/revisions\/99"}],"wp:attachment":[{"href":"https:\/\/globalproductstore.shop\/index.php?rest_route=%2Fwp%2Fv2%2Fmedia&parent=95"}],"curies":[{"name":"wp","href":"https:\/\/api.w.org\/{rel}","templated":true}]}}