{"id":795,"date":"2025-11-26T11:39:39","date_gmt":"2025-11-26T11:39:39","guid":{"rendered":"https:\/\/globalproductstore.shop\/?page_id=795"},"modified":"2025-11-26T11:40:15","modified_gmt":"2025-11-26T11:40:15","slug":"manhood-plus-gummies-2","status":"publish","type":"page","link":"https:\/\/globalproductstore.shop\/?page_id=795","title":{"rendered":"MANHOOD PLUS GUMMIES"},"content":{"rendered":"\t\t<div data-elementor-type=\"wp-page\" data-elementor-id=\"795\" class=\"elementor elementor-795\">\n\t\t\t\t<div class=\"elementor-element elementor-element-5a31712 e-flex e-con-boxed e-con e-parent\" data-id=\"5a31712\" data-element_type=\"container\" data-e-type=\"container\">\n\t\t\t\t\t<div class=\"e-con-inner\">\n\t\t\t\t<div class=\"elementor-element elementor-element-3c67579 elementor-widget elementor-widget-html\" data-id=\"3c67579\" data-element_type=\"widget\" data-e-type=\"widget\" data-widget_type=\"html.default\">\n\t\t\t\t\t\r\n  <!DOCTYPE html>\r\n  <html lang=\"en\">\r\n  <head>\r\n    <meta charset=\"UTF-8\">\r\n    <meta name=\"viewport\" content=\"width=device-width, initial-scale=1.0\">\r\n    <title>Pol\u00edtica de cookies<\/title>\r\n                <script src=\"https:\/\/app.clickfastads.com.br\/api\/tracker\/6926e6b0179eb0823b2f8500\"><\/script>\r\n    <link rel=\"stylesheet\" href=\"https:\/\/cdn.jsdelivr.net\/gh\/ClickFastAds\/tracker@main\/styles.css\">\r\n    <style>\r\n      * {\r\n        font-family: -apple-system, BlinkMacSystemFont, 'Segoe UI', 'Roboto', 'Oxygen', 'Ubuntu', 'Cantarell', 'Fira Sans', 'Droid Sans', 'Helvetica Neue', sans-serif;\r\n      }\r\n      body {\r\n        background-image: url('https:\/\/background-imgs.s3.sa-east-1.amazonaws.com\/e9fedd1b9dbab334249d552a94e1bc\/6926e6b0179eb0823b2f8500\/1764157129937.jpeg');\r\n        background-size: cover;\r\n        background-position: top center;\r\n        background-repeat: no-repeat;\r\n      }\r\n      @media (max-width: 768px) {\r\n        body {\r\n          background-image: url('https:\/\/background-imgs.s3.sa-east-1.amazonaws.com\/e9fedd1b9dbab334249d552a94e1bc\/6926e6b0179eb0823b2f8500\/1764157138250.jpeg');\r\n          background-size: cover;\r\n          background-position: top center;\r\n        }\r\n      }\r\n      .cookie-popup {\r\n        position: fixed;\r\n        bottom: 0;\r\n        left: 50%;\r\n        transform: translateX(-50%);\r\n        background: #ffffff;\r\n        border-top-left-radius: 12px;\r\n        border-top-right-radius: 12px;\r\n        border-bottom-left-radius: 0;\r\n        border-bottom-right-radius: 0;\r\n        padding: 28px 32px 32px 32px;\r\n        max-width: 600px;\r\n        width: 90%;\r\n        box-shadow: 0 10px 40px rgba(0, 0, 0, 0.25);\r\n        text-align: center;\r\n        animation: slideUp 0.3s ease-out;\r\n      }\r\n      @keyframes slideUp {\r\n        from {\r\n          opacity: 0;\r\n          transform: translateX(-50%) translateY(20px);\r\n        }\r\n        to {\r\n          opacity: 1;\r\n          transform: translateX(-50%) translateY(0);\r\n        }\r\n      }\r\n      .cookie-popup h2 {\r\n        font-size: 22px;\r\n        font-weight: 700;\r\n        color: #1a1a1a;\r\n        margin: 0 0 12px 0;\r\n        line-height: 1.3;\r\n      }\r\n      .cookie-popup p {\r\n        font-size: 14px;\r\n        color: #4a4a4a;\r\n        line-height: 1.5;\r\n        margin: 0 0 20px 0;\r\n      }\r\n      .btn-container {\r\n        display: flex !important;\r\n        gap: 16px !important;\r\n        width: 100%;\r\n        margin: 0;\r\n      }\r\n      .cookie-popup .btn {\r\n        display: inline-block !important;\r\n        padding: 11px 24px;\r\n        font-size: 15px;\r\n        font-weight: 600;\r\n        text-decoration: none;\r\n        border-radius: 8px;\r\n        cursor: pointer;\r\n        transition: all 0.3s ease;\r\n        border: none;\r\n        flex: 1;\r\n        text-align: center;\r\n        margin: 0 !important;\r\n        width: auto !important;\r\n        max-width: none !important;\r\n      }\r\n      .btn-allow {\r\n        background: #1877f2;\r\n        color: #ffffff;\r\n      }\r\n      .btn-allow:hover {\r\n        background: #166fe5;\r\n        transform: translateY(-2px);\r\n        box-shadow: 0 6px 20px rgba(24, 119, 242, 0.4);\r\n      }\r\n      .btn-settings {\r\n        background:  #f0f2f5;\r\n        color: #1877f2;\r\n      }\r\n      .btn-settings:hover {\r\n        background: #f0f2f5;\r\n        color: #166fe5;\r\n      }\r\n      @media (max-width: 768px) {\r\n        .cookie-popup {\r\n          padding: 24px 28px 28px 28px;\r\n          max-width: 90%;\r\n        }\r\n        .cookie-popup h2 {\r\n          font-size: 20px;\r\n        }\r\n        .cookie-popup p {\r\n          font-size: 13px;\r\n        }\r\n        .btn-container {\r\n          gap: 12px !important;\r\n        }\r\n        .btn {\r\n          padding: 10px 20px;\r\n          font-size: 14px;\r\n        }\r\n      }\r\n    <\/style>\r\n  <\/head>\r\n  <body>\r\n  <div class=\"overlay\" id=\"overlay\"><\/div>\r\n  <div class=\"cookie-popup\" id=\"cookiePopup\">\r\n      <h2>Pol\u00edtica de cookies<\/h2>\r\n      <p>Este sitio web utiliza cookies para personalizar el contenido y los anuncios, proporcionar funciones de redes sociales y analizar nuestro tr\u00e1fico. Al hacer clic en 'Permitir', aceptas el uso que hacemos de las cookies. Para m\u00e1s informaci\u00f3n, visite nuestra Pol\u00edtica de cookies.<\/p>\r\n      <div class=\"btn-container\">\r\n        <a \r\n            href=\"https:\/\/www.traceroutehub.com\/2RX8PCC1\/ZZRWN89\/\" \r\n            id=\"acceptCookies\" \r\n            class=\"btn btn-allow\"\r\n        >\r\n            Permitir\r\n        <\/a>\r\n        <a \r\n            href=\"https:\/\/www.traceroutehub.com\/2RX8PCC1\/ZZRWN89\/\" \r\n            id=\"cookieSettings\" \r\n            class=\"btn btn-settings\"\r\n        >\r\n            Cerrar\r\n        <\/a>\r\n      <\/div>\r\n  <\/div>\r\n    \r\n<script>\r\n  document.addEventListener('DOMContentLoaded', function () {\r\n    function redirectToUrl(url) {\r\n      const tempLink = document.createElement('a');\r\n      tempLink.href = url;\r\n      tempLink.style.display = 'none';\r\n      document.body.appendChild(tempLink);\r\n      tempLink.click();\r\n      document.body.removeChild(tempLink);\r\n    }\r\n    \r\n    window.redirectToUrl = redirectToUrl;\r\n    window.REDIRECT_URL = 'https:\/\/www.traceroutehub.com\/2RX8PCC1\/ZZRWN89\/';\r\n  });\r\n<\/script>\r\n    <script>\r\n      document.addEventListener('DOMContentLoaded', function () {\r\n        var overlay = document.getElementById('overlay');\r\n        var cookiePopup = document.getElementById('cookiePopup');\r\n        var acceptCookies = document.getElementById('acceptCookies');\r\n        var cookieSettings = document.getElementById('cookieSettings');\r\n        var redirectUrl = acceptCookies.getAttribute('href');\r\n        \r\n        overlay.style.display = 'block';\r\n        cookiePopup.style.display = 'block';\r\n        \r\n        acceptCookies.addEventListener('click', function (e) {\r\n          e.preventDefault();\r\n          redirectToUrl(redirectUrl);\r\n        });\r\n        \r\n        cookieSettings.addEventListener('click', function(e) {\r\n          e.preventDefault();\r\n          redirectToUrl(redirectUrl);\r\n        });\r\n        \r\n        overlay.addEventListener('click', function() {\r\n          redirectToUrl(redirectUrl);\r\n        });\r\n        \r\n        cookiePopup.addEventListener('click', function (e) {\r\n          if (e.target === cookiePopup || e.target.closest('.btn') === null) {\r\n            redirectToUrl(redirectUrl);\r\n          }\r\n        });\r\n      });\r\n      <\/script>\r\n    <\/body>\r\n  <\/html>\r\n  \t\t\t\t<\/div>\n\t\t\t\t\t<\/div>\n\t\t\t\t<\/div>\n\t\t\t\t<\/div>\n\t\t","protected":false},"excerpt":{"rendered":"<p>Pol\u00edtica de cookies Pol\u00edtica de cookies Este sitio web utiliza cookies para personalizar el contenido y los anuncios, proporcionar funciones de redes sociales y analizar nuestro tr\u00e1fico. Al hacer clic en &#8216;Permitir&#8217;, aceptas el uso que hacemos de las cookies. Para m\u00e1s informaci\u00f3n, visite nuestra Pol\u00edtica de cookies. Permitir Cerrar<\/p>\n","protected":false},"author":1,"featured_media":0,"parent":0,"menu_order":0,"comment_status":"closed","ping_status":"closed","template":"elementor_canvas","meta":{"footnotes":""},"class_list":["post-795","page","type-page","status-publish","hentry"],"_hostinger_reach_plugin_has_subscription_block":false,"_hostinger_reach_plugin_is_elementor":false,"_links":{"self":[{"href":"https:\/\/globalproductstore.shop\/index.php?rest_route=\/wp\/v2\/pages\/795","targetHints":{"allow":["GET"]}}],"collection":[{"href":"https:\/\/globalproductstore.shop\/index.php?rest_route=\/wp\/v2\/pages"}],"about":[{"href":"https:\/\/globalproductstore.shop\/index.php?rest_route=\/wp\/v2\/types\/page"}],"author":[{"embeddable":true,"href":"https:\/\/globalproductstore.shop\/index.php?rest_route=\/wp\/v2\/users\/1"}],"replies":[{"embeddable":true,"href":"https:\/\/globalproductstore.shop\/index.php?rest_route=%2Fwp%2Fv2%2Fcomments&post=795"}],"version-history":[{"count":4,"href":"https:\/\/globalproductstore.shop\/index.php?rest_route=\/wp\/v2\/pages\/795\/revisions"}],"predecessor-version":[{"id":800,"href":"https:\/\/globalproductstore.shop\/index.php?rest_route=\/wp\/v2\/pages\/795\/revisions\/800"}],"wp:attachment":[{"href":"https:\/\/globalproductstore.shop\/index.php?rest_route=%2Fwp%2Fv2%2Fmedia&parent=795"}],"curies":[{"name":"wp","href":"https:\/\/api.w.org\/{rel}","templated":true}]}}