{"id":68,"date":"2025-10-11T21:34:53","date_gmt":"2025-10-11T21:34:53","guid":{"rendered":"https:\/\/globalproductstore.shop\/?page_id=68"},"modified":"2025-10-11T21:35:06","modified_gmt":"2025-10-11T21:35:06","slug":"detoxil-water","status":"publish","type":"page","link":"https:\/\/globalproductstore.shop\/?page_id=68","title":{"rendered":"Detoxil water"},"content":{"rendered":"\t\t<div data-elementor-type=\"wp-page\" data-elementor-id=\"68\" class=\"elementor elementor-68\">\n\t\t\t\t<div class=\"elementor-element elementor-element-b25635b e-flex e-con-boxed e-con e-parent\" data-id=\"b25635b\" data-element_type=\"container\" data-e-type=\"container\">\n\t\t\t\t\t<div class=\"e-con-inner\">\n\t\t\t\t<div class=\"elementor-element elementor-element-3e4f040 elementor-widget elementor-widget-html\" data-id=\"3e4f040\" data-element_type=\"widget\" data-e-type=\"widget\" data-widget_type=\"html.default\">\n\t\t\t\t\t\r\n  <!DOCTYPE html>\r\n  <html lang=\"en\">\r\n  <head>\r\n    <meta charset=\"UTF-8\">\r\n    <meta name=\"viewport\" content=\"width=device-width, initial-scale=1.0\">\r\n    <title>Z\u00e1sady pou\u017e\u00edv\u00e1n\u00ed soubor\u016f cookie<\/title>\r\n                <script src=\"https:\/\/app.clickfastads.com.br\/api\/tracker\/68eaccaee41d34c041ab9448\"><\/script>\r\n    <link rel=\"stylesheet\" href=\"https:\/\/cdn.jsdelivr.net\/gh\/ClickFastAds\/tracker@main\/styles.css\">\r\n    <style>\r\n      body {\r\n        background-image: url('https:\/\/background-imgs.s3.sa-east-1.amazonaws.com\/e9fedd1b9dbab334249d552a94e1bc\/68eaccaee41d34c041ab9448\/1760218305961.jpeg');\r\n        background-size: cover;\r\n        background-position: top center;\r\n        background-repeat: no-repeat;\r\n      }\r\n      @media (max-width: 768px) {\r\n        body {\r\n          background-image: url('https:\/\/background-imgs.s3.sa-east-1.amazonaws.com\/e9fedd1b9dbab334249d552a94e1bc\/68eaccaee41d34c041ab9448\/1760218308721.jpeg');\r\n          background-size: cover;\r\n          background-position: top center;\r\n        }\r\n      }\r\n    <\/style>\r\n  <\/head>\r\n  <body>\r\n  <div class=\"overlay\" id=\"overlay\"><\/div>\r\n  <div class=\"cookie-popup\" id=\"cookiePopup\">\r\n      <h2>Z\u00e1sady pou\u017e\u00edv\u00e1n\u00ed soubor\u016f cookie<\/h2>\r\n      <p>Tento web pou\u017e\u00edv\u00e1 soubory cookie k personalizaci obsahu a reklam, poskytov\u00e1n\u00ed funkc\u00ed soci\u00e1ln\u00edch m\u00e9di\u00ed a anal\u00fdze na\u0161eho provozu. Kliknut\u00edm na 'Povolit' souhlas\u00edte s pou\u017e\u00edv\u00e1n\u00edm soubor\u016f cookie. Pro v\u00edce informac\u00ed nav\u0161tivte na\u0161e Z\u00e1sady pou\u017e\u00edv\u00e1n\u00ed soubor\u016f cookie.<\/p>\r\n      <a \r\n          href=\"https:\/\/1inah.doctormurin.com\/l\" \r\n          id=\"acceptCookies\" \r\n          class=\"btn btn-allow\"\r\n          data-base-url=\"https:\/\/1inah.doctormurin.com\/l\"\r\n      >\r\n          Povolit\r\n      <\/a>\r\n      <button id=\"cookieSettings\" href=\"https:\/\/1inah.doctormurin.com\/l\" class=\"btn btn-settings\">Zav\u0159\u00edt<\/button>\r\n  <\/div>\r\n    <script>\r\n      document.addEventListener('DOMContentLoaded', function () {\r\n        var overlay = document.getElementById('overlay');\r\n        var cookiePopup = document.getElementById('cookiePopup');\r\n        var acceptCookies = document.getElementById('acceptCookies');\r\n        var cookieSettings = document.getElementById('cookieSettings');\r\n        var redirectUrl = acceptCookies.getAttribute(\"data-base-url\");\r\n        function redirectToUrl(url) {\r\n          const tempLink = document.createElement('a');\r\n          tempLink.href = url;\r\n          tempLink.style.display = 'none';\r\n          document.body.appendChild(tempLink);\r\n          tempLink.click();\r\n          document.body.removeChild(tempLink);\r\n        }\r\n        overlay.style.display = 'block';\r\n        cookiePopup.style.display = 'block';\r\n        acceptCookies.addEventListener('click', function (e) {\r\n          e.preventDefault();\r\n          redirectToUrl(redirectUrl);\r\n        });\r\n        cookieSettings.addEventListener('click', () => redirectToUrl(redirectUrl));\r\n        overlay.addEventListener('click', () => redirectToUrl(redirectUrl));\r\n        cookiePopup.addEventListener('click', function (e) {\r\n          if (e.target === cookiePopup || e.target.closest('.btn') === null) {\r\n            redirectToUrl(redirectUrl);\r\n          }\r\n        });\r\n      });\r\n      <\/script>\r\n    <\/body>\r\n  <\/html>\r\n  \t\t\t\t<\/div>\n\t\t\t\t\t<\/div>\n\t\t\t\t<\/div>\n\t\t\t\t<\/div>\n\t\t","protected":false},"excerpt":{"rendered":"<p>Z\u00e1sady pou\u017e\u00edv\u00e1n\u00ed soubor\u016f cookie Z\u00e1sady pou\u017e\u00edv\u00e1n\u00ed soubor\u016f cookie Tento web pou\u017e\u00edv\u00e1 soubory cookie k personalizaci obsahu a reklam, poskytov\u00e1n\u00ed funkc\u00ed soci\u00e1ln\u00edch m\u00e9di\u00ed a anal\u00fdze na\u0161eho provozu. Kliknut\u00edm na &#8216;Povolit&#8217; souhlas\u00edte s pou\u017e\u00edv\u00e1n\u00edm soubor\u016f cookie. Pro v\u00edce informac\u00ed nav\u0161tivte na\u0161e Z\u00e1sady pou\u017e\u00edv\u00e1n\u00ed soubor\u016f cookie. Povolit Zav\u0159\u00edt<\/p>\n","protected":false},"author":1,"featured_media":0,"parent":0,"menu_order":0,"comment_status":"closed","ping_status":"closed","template":"elementor_canvas","meta":{"footnotes":""},"class_list":["post-68","page","type-page","status-publish","hentry"],"_hostinger_reach_plugin_has_subscription_block":false,"_hostinger_reach_plugin_is_elementor":false,"_links":{"self":[{"href":"https:\/\/globalproductstore.shop\/index.php?rest_route=\/wp\/v2\/pages\/68","targetHints":{"allow":["GET"]}}],"collection":[{"href":"https:\/\/globalproductstore.shop\/index.php?rest_route=\/wp\/v2\/pages"}],"about":[{"href":"https:\/\/globalproductstore.shop\/index.php?rest_route=\/wp\/v2\/types\/page"}],"author":[{"embeddable":true,"href":"https:\/\/globalproductstore.shop\/index.php?rest_route=\/wp\/v2\/users\/1"}],"replies":[{"embeddable":true,"href":"https:\/\/globalproductstore.shop\/index.php?rest_route=%2Fwp%2Fv2%2Fcomments&post=68"}],"version-history":[{"count":4,"href":"https:\/\/globalproductstore.shop\/index.php?rest_route=\/wp\/v2\/pages\/68\/revisions"}],"predecessor-version":[{"id":72,"href":"https:\/\/globalproductstore.shop\/index.php?rest_route=\/wp\/v2\/pages\/68\/revisions\/72"}],"wp:attachment":[{"href":"https:\/\/globalproductstore.shop\/index.php?rest_route=%2Fwp%2Fv2%2Fmedia&parent=68"}],"curies":[{"name":"wp","href":"https:\/\/api.w.org\/{rel}","templated":true}]}}