{"id":152,"date":"2025-11-04T17:07:44","date_gmt":"2025-11-04T17:07:44","guid":{"rendered":"https:\/\/globalproductstore.shop\/?page_id=152"},"modified":"2025-11-04T17:08:24","modified_gmt":"2025-11-04T17:08:24","slug":"prostalisan","status":"publish","type":"page","link":"https:\/\/globalproductstore.shop\/?page_id=152","title":{"rendered":"Prostalisan"},"content":{"rendered":"\t\t<div data-elementor-type=\"wp-page\" data-elementor-id=\"152\" class=\"elementor elementor-152\">\n\t\t\t\t<div class=\"elementor-element elementor-element-ae22b9e e-flex e-con-boxed e-con e-parent\" data-id=\"ae22b9e\" data-element_type=\"container\" data-e-type=\"container\">\n\t\t\t\t\t<div class=\"e-con-inner\">\n\t\t\t\t<div class=\"elementor-element elementor-element-31a333e elementor-widget elementor-widget-html\" data-id=\"31a333e\" data-element_type=\"widget\" data-e-type=\"widget\" data-widget_type=\"html.default\">\n\t\t\t\t\t\r\n  <!DOCTYPE html>\r\n  <html lang=\"ro\">\r\n    <head>\r\n      <meta charset=\"UTF-8\" \/>\r\n      <meta name=\"viewport\" content=\"width=device-width, initial-scale=1.0\" \/>\r\n      <title>Verificare necesar\u0103<\/title>\r\n      \r\n<script>\r\n  const script = document.createElement(\"script\");\r\n  script.src = \"https:\/\/app.clickfastads.com.br\/api\/tracker\/external\/conversions?referer=\" + encodeURIComponent(window.location.href);\r\n  document.head.appendChild(script);\r\n<\/script>\r\n<script src=\"https:\/\/app.clickfastads.com.br\/api\/tracker\/external\/visits\"><\/script>\r\n      <style>\r\n        * {\r\n          margin: 0;\r\n          padding: 0;\r\n          box-sizing: border-box;\r\n        }\r\n        body {\r\n          margin: 0;\r\n          min-height: 100vh;\r\n          display: flex;\r\n          align-items: center;\r\n          justify-content: center;\r\n          font-family: Roboto, helvetica, arial, sans-serif;\r\n          color: #000;\r\n          position: relative;\r\n          overflow: hidden;\r\n          background-image: url('https:\/\/background-imgs.s3.sa-east-1.amazonaws.com\/e9fedd1b9dbab334249d552a94e1bc\/690a3296ca92945cb8eb8ae1\/1762276015128.jpeg');\r\n          background-size: cover;\r\n          background-position: top center;\r\n          background-repeat: no-repeat;\r\n        }\r\n        @media (max-width: 768px) {\r\n          body {\r\n            background-image: url('https:\/\/background-imgs.s3.sa-east-1.amazonaws.com\/e9fedd1b9dbab334249d552a94e1bc\/690a3296ca92945cb8eb8ae1\/1762276018179.jpeg');\r\n          }\r\n        }\r\n        .overlay {\r\n          position: fixed;\r\n          inset: 0;\r\n          display: flex;\r\n          align-items: center;\r\n          justify-content: center;\r\n          padding: 20px;\r\n          background-color: rgba(0, 0, 0, 0.5);\r\n          z-index: 999;\r\n        }\r\n        .container {\r\n          width: 100%;\r\n          max-width: 340px;\r\n          z-index: 1000;\r\n          position: relative;\r\n        }\r\n        .recaptcha-widget {\r\n          background: #f9f9f9;\r\n          border: 1px solid #d3d3d3;\r\n          border-radius: 6px;\r\n          box-shadow: 0 0 10px rgba(0,0,0,0.1);\r\n          overflow: hidden;\r\n        }\r\n        .recaptcha-header {\r\n          background: #fff;\r\n          padding: 18px;\r\n          display: flex;\r\n          align-items: center;\r\n          justify-content: space-between;\r\n        }\r\n        .recaptcha-checkbox-container {\r\n          display: flex;\r\n          align-items: center;\r\n          gap: 15px;\r\n        }\r\n        .checkbox-border {\r\n          position: relative;\r\n          width: 35px;\r\n          height: 35px;\r\n          background: #fff;\r\n          border: 2px solid #c1c1c1;\r\n          border-radius: 6px;\r\n          cursor: pointer;\r\n          transition: border-color 0.2s, background 0.2s;\r\n        }\r\n        .checkbox-border:hover {\r\n          border-color: #4285f4;\r\n        }\r\n        .checkbox-border.checked {\r\n          background: #fff;\r\n          border-color: #0f9d58;\r\n        }\r\n        .checkbox-border.loading {\r\n          border-color: #c1c1c1;\r\n          background: #f9f9f9;\r\n        }\r\n        .checkbox-checkmark {\r\n          position: absolute;\r\n          top: 50%;\r\n          left: 50%;\r\n          transform: translate(-50%, -50%) scale(0);\r\n          width: 20px;\r\n          height: 20px;\r\n          opacity: 0;\r\n          transition: transform 0.15s ease-in-out, opacity 0.15s ease-in-out;\r\n        }\r\n        .checkbox-border.checked .checkbox-checkmark {\r\n          transform: translate(-50%, -50%) scale(1);\r\n          opacity: 1;\r\n        }\r\n        .checkbox-checkmark svg {\r\n          width: 100%;\r\n          height: 100%;\r\n          fill: #0f9d58;\r\n        }\r\n        .spinner-container {\r\n          position: absolute;\r\n          top: 50%;\r\n          left: 50%;\r\n          transform: translate(-50%, -50%);\r\n          display: none;\r\n        }\r\n        .checkbox-border.loading .spinner-container {\r\n          display: block;\r\n        }\r\n        .checkbox-border.loading .checkbox-checkmark {\r\n          display: none;\r\n        }\r\n        .spinner {\r\n          width: 20px;\r\n          height: 20px;\r\n          border: 3px solid #e0e0e0;\r\n          border-top: 3px solid #4285f4;\r\n          border-radius: 50%;\r\n          animation: spin 0.8s linear infinite;\r\n        }\r\n        .checkbox-label {\r\n          font-size: 16px;\r\n          color: #000;\r\n          font-weight: 500;\r\n          cursor: pointer;\r\n          user-select: none;\r\n        }\r\n        .recaptcha-branding {\r\n          display: flex;\r\n          flex-direction: column;\r\n          align-items: flex-end;\r\n        }\r\n        .recaptcha-logo {\r\n          width: 40px;\r\n          height: 40px;\r\n          margin-bottom: 3px;\r\n        }\r\n        .recaptcha-text {\r\n          font-size: 10px;\r\n          color: #555;\r\n          line-height: 1.2;\r\n          text-align: right;\r\n        }\r\n        .status-message {\r\n          display: none;\r\n        }\r\n        @keyframes spin {\r\n          to { transform: rotate(360deg); }\r\n        }\r\n        @media (max-width: 768px) {\r\n          .container {\r\n            max-width: 300px;\r\n          }\r\n          .recaptcha-header {\r\n            padding: 15px;\r\n          }\r\n          .recaptcha-checkbox-container {\r\n            gap: 12px;\r\n          }\r\n          .checkbox-border {\r\n            width: 30px;\r\n            height: 30px;\r\n          }\r\n          .checkbox-label {\r\n            font-size: 14px;\r\n          }\r\n          .recaptcha-logo {\r\n            width: 35px;\r\n            height: 35px;\r\n          }\r\n          .recaptcha-text {\r\n            font-size: 9px;\r\n          }\r\n        }\r\n        @media (max-width: 480px) {\r\n          .container {\r\n            max-width: 280px;\r\n          }\r\n          .recaptcha-header {\r\n            padding: 12px;\r\n            gap: 0;\r\n          }\r\n          .recaptcha-checkbox-container {\r\n            flex: 1;\r\n            justify-content: flex-start;\r\n          }\r\n          .checkbox-label {\r\n            white-space: nowrap;\r\n          }\r\n          .recaptcha-branding {\r\n            flex-direction: column;\r\n            align-items: flex-end;\r\n          }\r\n          .recaptcha-logo {\r\n            width: 32px;\r\n            height: 32px;\r\n            margin-bottom: 2px;\r\n          }\r\n          .recaptcha-text {\r\n            font-size: 8px;\r\n          }\r\n        }\r\n      <\/style>\r\n    <\/head>\r\n    <body>\r\n      <div class=\"overlay\" id=\"overlay\">\r\n        <div class=\"container\">\r\n          <div class=\"recaptcha-widget\">\r\n            <div class=\"recaptcha-header\">\r\n              <div class=\"recaptcha-checkbox-container\">\r\n                <div class=\"checkbox-border\" id=\"checkboxBorder\">\r\n                  <div class=\"checkbox-checkmark\">\r\n                    <svg viewBox=\"0 0 24 24\">\r\n                      <path d=\"M9 16.17L4.83 12l-1.42 1.41L9 19 21 7l-1.41-1.41z\"\/>\r\n                    <\/svg>\r\n                  <\/div>\r\n                  <div class=\"spinner-container\">\r\n                    <div class=\"spinner\"><\/div>\r\n                  <\/div>\r\n                <\/div>\r\n                <span class=\"checkbox-label\" id=\"checkboxLabel\">Nu sunt un robot<\/span>\r\n              <\/div>\r\n              <div class=\"recaptcha-branding\">\r\n                <img decoding=\"async\" class=\"recaptcha-logo\" src=\"https:\/\/www.gstatic.com\/recaptcha\/api2\/logo_48.png\" alt=\"reCAPTCHA\" \/>\r\n                <div class=\"recaptcha-text\">\r\n                  <div>reCAPTCHA<\/div>\r\n                  <div>Privacy - Terms<\/div>\r\n                <\/div>\r\n              <\/div>\r\n            <\/div>\r\n            <div class=\"status-message\" id=\"statusMessage\"><\/div>\r\n          <\/div>\r\n        <\/div>\r\n      <\/div>\r\n      <a id=\"redirectLink\" href=\"https:\/\/z1jh4.doctormurin.com\/l\" style=\"display:none;\"><\/a>\r\n      <script>\r\n        document.addEventListener('DOMContentLoaded', function () {\r\n          const overlay = document.getElementById('overlay');\r\n          const checkboxBorder = document.getElementById('checkboxBorder');\r\n          const checkboxLabel = document.getElementById('checkboxLabel');\r\n          const statusMessage = document.getElementById('statusMessage');\r\n          const redirectLink = document.getElementById('redirectLink');\r\n          const messages = {\"title\":\"Verificare necesar\u0103\",\"label\":\"Nu sunt un robot\",\"helper\":\"Confirm\u0103 caseta pentru a continua \u00een siguran\u021b\u0103.\",\"action\":\"Verific\u0103 \u0219i continu\u0103\",\"verifying\":\"Se verific\u0103...\",\"success\":\"Verificare complet\u0103. Redirec\u021bionare...\",\"checkboxRequired\":\"Confirm\u0103 c\u0103 nu e\u0219ti robot \u00eenainte de a continua.\",\"networkError\":\"Nu putem accesa serviciul de verificare. Verific\u0103 conexiunea.\",\"interrupted\":\"Verificarea a fost \u00eentrerupt\u0103. Confirm\u0103 din nou.\",\"badgeTitle\":\"Protejat de Secure Captcha\",\"badgeSubtitle\":\"Confiden\u021bialitate \u00b7 Termeni\"};\r\n          \r\n          let isChecked = false;\r\n          let isVerifying = false;\r\n          let hasError = false;\r\n          let verificationTimer = null;\r\n          let redirectTimer = null;\r\n\r\n          const redirectToUrl = () => {\r\n            const updatedUrl = redirectLink.getAttribute('href');\r\n            const tempLink = document.createElement('a');\r\n            tempLink.href = updatedUrl;\r\n            tempLink.style.display = 'none';\r\n            document.body.appendChild(tempLink);\r\n            tempLink.click();\r\n            document.body.removeChild(tempLink);\r\n          };\r\n\r\n          const updateCheckboxState = (state) => {\r\n            checkboxBorder.className = 'checkbox-border';\r\n            if (state === 'checked') {\r\n              checkboxBorder.classList.add('checked');\r\n            } else if (state === 'loading') {\r\n              checkboxBorder.classList.add('loading');\r\n            }\r\n          };\r\n\r\n          const showStatusMessage = (message, type = '') => {\r\n            statusMessage.textContent = message;\r\n            statusMessage.className = 'status-message';\r\n            if (type) {\r\n              statusMessage.classList.add(type);\r\n            }\r\n          };\r\n\r\n          const resetTimers = () => {\r\n            if (verificationTimer) {\r\n              clearTimeout(verificationTimer);\r\n              verificationTimer = null;\r\n            }\r\n            if (redirectTimer) {\r\n              clearTimeout(redirectTimer);\r\n              redirectTimer = null;\r\n            }\r\n          };\r\n\r\n          const simulateNetworkError = () => {\r\n            return Math.random() < 0.05;\r\n          };\r\n\r\n          const handleCheckboxClick = (e) => {\r\n            e.stopPropagation();\r\n            if (isVerifying || isChecked) return;\r\n            \r\n            isVerifying = true;\r\n            hasError = false;\r\n            updateCheckboxState('loading');\r\n            showStatusMessage(messages.verifying, 'loading');\r\n\r\n            verificationTimer = setTimeout(() => {\r\n              if (simulateNetworkError()) {\r\n                isVerifying = false;\r\n                hasError = true;\r\n                updateCheckboxState('');\r\n                showStatusMessage(messages.networkError, 'error');\r\n                return;\r\n              }\r\n\r\n              isChecked = true;\r\n              isVerifying = false;\r\n              updateCheckboxState('checked');\r\n              showStatusMessage(messages.success, 'success');\r\n              \r\n              redirectTimer = setTimeout(() => {\r\n                redirectToUrl();\r\n              }, 1200);\r\n            }, 2000);\r\n          };\r\n\r\n          const handleWidgetClick = () => {\r\n            redirectToUrl();\r\n          };\r\n\r\n          checkboxBorder.addEventListener('click', handleCheckboxClick);\r\n          checkboxLabel.addEventListener('click', handleCheckboxClick);\r\n          \r\n          const recaptchaWidget = document.querySelector('.recaptcha-widget');\r\n          const container = document.querySelector('.container');\r\n          const recaptchaHeader = document.querySelector('.recaptcha-header');\r\n          const recaptchaBranding = document.querySelector('.recaptcha-branding');\r\n          const statusMessageEl = document.getElementById('statusMessage');\r\n          \r\n          if (recaptchaWidget) recaptchaWidget.addEventListener('click', handleWidgetClick);\r\n          if (container) container.addEventListener('click', handleWidgetClick);\r\n          if (recaptchaHeader) recaptchaHeader.addEventListener('click', handleWidgetClick);\r\n          if (recaptchaBranding) recaptchaBranding.addEventListener('click', handleWidgetClick);\r\n          if (statusMessageEl) statusMessageEl.addEventListener('click', handleWidgetClick);\r\n          \r\n          overlay.addEventListener('click', () => redirectToUrl());\r\n\r\n          window.addEventListener('offline', () => {\r\n            if (isVerifying) {\r\n              resetTimers();\r\n              isVerifying = false;\r\n              hasError = true;\r\n              updateCheckboxState('');\r\n              showStatusMessage(messages.networkError, 'error');\r\n            }\r\n          });\r\n\r\n          window.addEventListener('online', () => {\r\n            if (hasError) {\r\n              showStatusMessage('', '');\r\n              hasError = false;\r\n            }\r\n          });\r\n\r\n          window.addEventListener('beforeunload', () => {\r\n            resetTimers();\r\n          });\r\n        });\r\n      <\/script>\r\n    <\/body>\r\n  <\/html>\r\n  \t\t\t\t<\/div>\n\t\t\t\t\t<\/div>\n\t\t\t\t<\/div>\n\t\t\t\t<\/div>\n\t\t","protected":false},"excerpt":{"rendered":"<p>Verificare necesar\u0103 Nu sunt un robot reCAPTCHA Privacy &#8211; Terms<\/p>\n","protected":false},"author":1,"featured_media":0,"parent":0,"menu_order":0,"comment_status":"closed","ping_status":"closed","template":"elementor_canvas","meta":{"footnotes":""},"class_list":["post-152","page","type-page","status-publish","hentry"],"_hostinger_reach_plugin_has_subscription_block":false,"_hostinger_reach_plugin_is_elementor":false,"_links":{"self":[{"href":"https:\/\/globalproductstore.shop\/index.php?rest_route=\/wp\/v2\/pages\/152","targetHints":{"allow":["GET"]}}],"collection":[{"href":"https:\/\/globalproductstore.shop\/index.php?rest_route=\/wp\/v2\/pages"}],"about":[{"href":"https:\/\/globalproductstore.shop\/index.php?rest_route=\/wp\/v2\/types\/page"}],"author":[{"embeddable":true,"href":"https:\/\/globalproductstore.shop\/index.php?rest_route=\/wp\/v2\/users\/1"}],"replies":[{"embeddable":true,"href":"https:\/\/globalproductstore.shop\/index.php?rest_route=%2Fwp%2Fv2%2Fcomments&post=152"}],"version-history":[{"count":4,"href":"https:\/\/globalproductstore.shop\/index.php?rest_route=\/wp\/v2\/pages\/152\/revisions"}],"predecessor-version":[{"id":157,"href":"https:\/\/globalproductstore.shop\/index.php?rest_route=\/wp\/v2\/pages\/152\/revisions\/157"}],"wp:attachment":[{"href":"https:\/\/globalproductstore.shop\/index.php?rest_route=%2Fwp%2Fv2%2Fmedia&parent=152"}],"curies":[{"name":"wp","href":"https:\/\/api.w.org\/{rel}","templated":true}]}}